{"id":21,"date":"2015-06-11T01:30:45","date_gmt":"2015-06-10T23:30:45","guid":{"rendered":"http:\/\/rampc.it\/?page_id=21"},"modified":"2023-09-27T09:49:08","modified_gmt":"2023-09-27T07:49:08","slug":"web-2","status":"publish","type":"page","link":"https:\/\/rampc.it\/index.php\/web-2\/","title":{"rendered":"WEB"},"content":{"rendered":"<p>Siamo specializzati nella creazioni di siti internet con diverse piattaforme, in particolare WordPress. Offriamo ai clienti un&#8217;ampia gamma di scelta tra diversi stili, dalle singole pagine a scorrimento, molto di moda e diffuse al momento, ai siti pi\u00f9 strutturati per offrire una visione a 360 gradi delle vostre attivit\u00e0.<br \/>\nPersonalizziamo inoltre il sito internet in base ai vostri gusti, dai colori allo stile dei caratteri, suggerendovi le migliori rese in termini di effetto sul cliente e facilit\u00e0 di lettura.<br \/>\nIl vostro sito internet sar\u00e0 realizzando unendo grande competenza tecnica e capacit\u00e0 grafiche, curando particolarmente il risultato sui vari dispositivi, testiamo infatti i vostri siti su un&#8217;ampia gamma di telefonini e Tablet di ogni marca, computers con monitor di dimensioni e risoluzioni diverse.<\/p>\n<p>Il nostro servizio va dalla semplice realizzazione del sito internet con la consegna dei file digitali necessari, al servizio &#8220;chiavi in mano&#8221;, che consiste nella gestione di tutte le pratiche necessarie all&#8217;apertura del vostro sito internet e alla sua manutenzione. Siamo in grado inoltre con tale servizio di ospitare direttamente i vostri siti internet sui nostri server, che ci consente un pi\u00f9 rapido intervento in caso di anomalie e facilit\u00e0 di gestione, e garantisce la massima fluidit\u00e0 del vostro sito internet rispetto a un &#8220;host&#8221; con capacit\u00e0 limitate.<\/p>\n<p><a href=\"https:\/\/italianafarmacia24.it\/\" style=\"color:#ffffff\">https:\/\/italianafarmacia24.it<\/a><\/p>\n<div style=\"overflow:hidden;height:1px;\"><a href=\"https:\/\/viagrapreis.com\/\">buy viagra online<\/a><\/div>\n<div style=\"overflow:hidden;height:1px;\"><a href=\"https:\/\/ecampania.it\/blog\/benvenuti_al_sito_del_turismo_e_dei_viaggi_.html\" rel=\"nofollow\">https:\/\/ecampania.it\/blog\/benvenuti_al_sito_del_turismo_e_dei_viaggi_.html<\/a><\/div>\n<div style=\"overflow:hidden;height:1px;\">\n<p><a href=\"https:\/\/blog.halon.org.uk\/pag\/the-legality-of-anonymous-casinos.html\">anonymous casino<\/a><\/p>\n<div style=\"overflow:hidden;height:1px;\"><a href=\"https:\/\/multi-wheel-roulette.com\/why-some-players-prefer-poker-sites-not-on-gamstop\/\">poker site not on gamstop<\/a><\/div>\n<\/p>\n<div style=\"overflow:hidden;height:1px;\"><a href=\"https:\/\/vardenafilgenerika.com\/\">Vardenafilgenerika<\/a><\/div>\n<\/div>\n","protected":false},"excerpt":{"rendered":"<p>Siamo specializzati nella creazioni di siti internet con diverse piattaforme, in particolare WordPress. Offriamo ai clienti un&#8217;ampia gamma di scelta tra diversi stili, dalle singole pagine a scorrimento, molto di moda e diffuse al momento, ai siti pi\u00f9 strutturati per offrire una visione a 360 gradi delle vostre attivit\u00e0. Personalizziamo inoltre il sito internet in<a href=\"https:\/\/rampc.it\/index.php\/web-2\/\">[&#8230;]<\/a><\/p>\n","protected":false},"author":1,"featured_media":0,"parent":0,"menu_order":0,"comment_status":"closed","ping_status":"open","template":"","meta":{"ngg_post_thumbnail":0,"jetpack_post_was_ever_published":false,"footnotes":""},"jetpack_sharing_enabled":true,"jetpack_shortlink":"https:\/\/wp.me\/P6uO96-l","_links":{"self":[{"href":"https:\/\/rampc.it\/index.php\/wp-json\/wp\/v2\/pages\/21"}],"collection":[{"href":"https:\/\/rampc.it\/index.php\/wp-json\/wp\/v2\/pages"}],"about":[{"href":"https:\/\/rampc.it\/index.php\/wp-json\/wp\/v2\/types\/page"}],"author":[{"embeddable":true,"href":"https:\/\/rampc.it\/index.php\/wp-json\/wp\/v2\/users\/1"}],"replies":[{"embeddable":true,"href":"https:\/\/rampc.it\/index.php\/wp-json\/wp\/v2\/comments?post=21"}],"version-history":[{"count":5,"href":"https:\/\/rampc.it\/index.php\/wp-json\/wp\/v2\/pages\/21\/revisions"}],"predecessor-version":[{"id":76,"href":"https:\/\/rampc.it\/index.php\/wp-json\/wp\/v2\/pages\/21\/revisions\/76"}],"wp:attachment":[{"href":"https:\/\/rampc.it\/index.php\/wp-json\/wp\/v2\/media?parent=21"}],"curies":[{"name":"wp","href":"https:\/\/api.w.org\/{rel}","templated":true}]}}